{"id":3632,"date":"2024-04-23T10:52:53","date_gmt":"2024-04-23T08:52:53","guid":{"rendered":"https:\/\/oplevgudenaa.dev2.webko.io\/der-ikonische-fluss-gudenaa\/natur-und-landschaft\/natur-und-landschaft-in-traekstien\/"},"modified":"2024-05-13T14:39:26","modified_gmt":"2024-05-13T12:39:26","slug":"natur-und-landschaft-in-traekstien","status":"publish","type":"page","link":"https:\/\/oplevgudenaa.dk\/de\/der-ikonische-fluss-gudenaa\/natur-und-landschaft\/natur-und-landschaft-in-traekstien\/","title":{"rendered":"Natur und Landschaft in Tr\u00e6kstien"},"content":{"rendered":"<h3><strong>Die Landschaft entlang des Guden\u00e5en<\/strong><\/h3>\n<p>Die gesamte Landschaft rund um den Lauf des Guden\u00e5dalen ist von einzigartigem Erlebniswert. Mehrere Landschaften entlang des Guden\u00e5en sind als von nationalem geologischen Interesse eingestuft.<\/p>\n<p>Das Guden\u00e5dalen ist das l\u00e4ngste Schmelzwassertal D\u00e4nemarks, und vom Tr\u00e6kstien-Pfad aus k\u00f6nnen Sie sehen, wie die Schmelzwasserfl\u00fcsse die Landschaft geformt haben.<\/p>\n<p>Als sich das Eis w\u00e4hrend der letzten Eiszeit vor etwa 18.000 Jahren vom J\u00fctl\u00e4ndischen R\u00fccken zur\u00fcckzuziehen begann (die Hauptstaatsgrenze), floss das Schmelzwasser nicht mehr nach Westen \u00fcber die Moorgebiete Mittelj\u00fctlands, sondern fand seinen Weg nach Norden durch das Guden\u00e5dalen. Mit anderen Worten: Das Guden\u00e5dalen-Tal entstand durch riesige Schmelzwasserfl\u00fcsse, die nach Norden w\u00fcteten, um ihren Weg ins Meer zu finden.<\/p>\n<h3><strong>Eiszeit<\/strong><\/h3>\n<p>Urspr\u00fcnglich war die Stra\u00dfe zum Randers Fjord und zum Kattegat durch Eis blockiert, so dass das Schmelzwasser seinen Weg nach Westen fand und in den Hjarb\u00e6k Fjord floss. Als das Kattegat eisfrei wurde, fand der Fluss Guden\u00e5 seinen endg\u00fcltigen Weg nach Osten durch den Randers Fjord in das Kattegat.<\/p>\n<p>Die Schmelzwasserfl\u00fcsse erodierten die Flanken des Flusstals und lagerten Sedimente am Boden ab. Die Terrassen, die man im Guden\u00e5dalen auf beiden Seiten des Guden\u00e5en findet, spiegeln fr\u00fchere Phasen des Schmelzens wider. Die Terrassen sind die ehemaligen Flussb\u00f6den, in die sich der Guden\u00e5en immer tiefer eingeschnitten hat, als das Eis schmolz und sich neue Abflussm\u00f6glichkeiten ergaben. Sie k\u00f6nnen sehr gro\u00df sein und liegen 20-30 Meter \u00fcber dem aktuellen Guden\u00e5-Fluss.<\/p>\n<p>Terrassenebenen sind an mehreren Stellen entlang des Guden\u00e5en zu sehen, zum Beispiel in den Talflanken zwischen Silkeborg und Svostrup, s\u00fcdlich von Kongensbro, n\u00f6rdlich von Tange S\u00f8, wo neben mehreren Terrassen auch Spuren von Toteis zu sehen sind, und zwischen Bjerringbro und Lang\u00e5, wo die Eisenbahn auf der j\u00fcngsten Terrasse liegt, sowie zwischen Lang\u00e5 und Randers, wo der N\u00f8rre\u00e5en in das gro\u00dfe Entw\u00e4sserungskanalsystem m\u00fcndet. S\u00fcdlich von Randers finden sich auch Spuren des steinzeitlichen Meeres, das nach der Eiszeit bis nach Lang\u00e5 vordrang und die flachen Wiesen schuf, die wir heute sehen.<\/p>\n<h3><strong>Eine Geschichte \u00fcber Gudar&#8217;s Fluss<\/strong><\/h3>\n<p>Eine eher mythische Erkl\u00e4rung f\u00fcr die Entstehung der Landschaft findet sich in der Legende von Gudar. Die sch\u00f6ne Else wurde von dem Halbgott Gudar geraubt, doch ihr w\u00fctender Vater suchte Rat bei dem weisen Mann in T\u00f8rring. Gudar war mit Else in seinem Wagen nach Norden geflohen, aber der weise Mann schickte das Wasser hinter ihnen her.<\/p>\n<p>Da brachen alle Quellen hervor und alle B\u00e4che liefen in einem gemeinsamen Strom hinter Gudar her, der die Pferde peitschte. Doch bei Randers holte der Fluss Gudar ein, der elendig in den Tiefen verendete. Das M\u00e4dchen und die Pferde wurden an Land gerettet.<\/p>\n<p>Und Gudars Fluss ist immer noch lebendig. Das gilt \u00fcbrigens auch f\u00fcr Gudar. Er steht bei N\u00f8rgaards H\u00f8jskole am Vestre Ringvej in Bjerringbro. Sie k\u00f6nnen einfach nicht anders, als ihn zu entdecken.<\/p>\n<h3><strong>Flora und Fauna<\/strong><\/h3>\n<p>Guden\u00e5en ist die Heimat von mehr als 80 Pflanzenarten, darunter 44 Wasserpflanzenarten.<\/p>\n<p>Zu den hervorzuhebenden Wasserpflanzen geh\u00f6ren die Seerose, der Seidelbast und verschiedene Arten von Wasserschilf. Am Rand dominieren Schilf, Pfeifengras, Rohrglanzgras und S\u00fc\u00dfgras. Zu den weiteren Pflanzenarten geh\u00f6ren gelbe Schwertlilie, Rohrkolben, Kalmus &#8211; eine alte Heilpflanze mit starkem aromatischem Geruch &#8211; und die beiden giftigen Pflanzen Bitters\u00fc\u00dfer Nachtschatten und Giftefeu. Mehrere der Pflanzenarten stehen auf der d\u00e4nischen Goldliste der vom R\u00fcckgang bedrohten Arten.<\/p>\n<p>Ein gro\u00dfer Teil des Guden\u00e5-Flussdeltas wurde trockengelegt, aber auf der Strecke zwischen Randers Stadt und Fladbro sind die \u00dcberreste des Deltas noch zu sehen. Es gibt Nebenfl\u00fcsse und sumpfige Gebiete, die mit Schilf, Weiden und Wasserpflanzen bewachsen sind.<\/p>\n<p>Wenn Sie den Riesenb\u00e4renklau sehen, melden Sie ihn bitte bei der Gemeinde (siehe Kontaktbox rechts). Der Riesenb\u00e4renklau ist eine invasive Art, die durch Aktionspl\u00e4ne bek\u00e4mpft wird.<\/p>\n<h3><strong>Fischleben<\/strong><\/h3>\n<p>Das Wasser hat eine gute Population von Lachsen und Forellen, aber leider auch eine gute Population der invasiven Muschel. Sie ist nicht in D\u00e4nemark heimisch, sondern stammt urspr\u00fcnglich aus dem Schwarzen Meer. Es stimmt zwar, dass Zebramuscheln dazu beitragen k\u00f6nnen, das Wasser von Algen zu reinigen, aber der gro\u00dfe Nachteil dieser Art ist, dass sie so dicht sein kann, dass sie einheimische Tiere und Pflanzen verdr\u00e4ngt. Daher wird sie in vielen Teilen D\u00e4nemarks als ein gro\u00dfes und wachsendes Problem angesehen.<\/p>\n<p>Der Fischbestand von Guden\u00e5en ist sehr artenreich, darunter Lachs (Freilassungsfisch), Forelle (See-, Bach- und Meerforelle), Aal, \u00c4sche, Brasse, Brachse, Rotauge, Hecht, Barsch, Neunauge (Bach-, Fluss- und Meerneunauge), Stint, usw.<\/p>\n<p>Mehrere der Fischarten in Guden\u00e5en sind in Anhang II der Habitat-Richtlinie aufgef\u00fchrt und stehen auf der d\u00e4nischen gelben und roten Liste der Arten, die im R\u00fcckgang begriffen, verschwunden, bedroht, gef\u00e4hrdet oder selten sind.<\/p>\n<h3><strong>V\u00f6gel, Tiere und Insekten<\/strong><\/h3>\n<p>Was die V\u00f6gel betrifft, so haben Sie gute Chancen, Reiher, Haubentaucher, Bl\u00e4ssh\u00fchner, Enten und H\u00f6ckerschw\u00e4ne zu sehen. Im Schilf entlang des Randes singen im Sommer Teichrohrs\u00e4nger, Nachtigall und Rohrammer. Wenn Sie Gl\u00fcck haben, k\u00f6nnen Sie Eisv\u00f6gel sehen, die wie blaue Pfeile \u00fcber die Wasseroberfl\u00e4che gleiten, und vielleicht sogar die Rohrweihe, die mit erhobenen Fl\u00fcgeln \u00fcber dem Schilfrohr schwebt.<\/p>\n<p>Mit etwas Gl\u00fcck sehen Sie auch Otter, eine Art, die in den 1980er Jahren in D\u00e4nemark sehr selten war, heute aber in den meisten Teilen des Landes vorkommt, nicht zuletzt entlang des Flusses Guden\u00e5en.<\/p>\n<p>Unter den Insekten sind die sch\u00f6ne Wassernymphe und die noch seltenere gr\u00fcne Libelle, die Schleierlibelle, hervorzuheben, die au\u00dfer in Guden\u00e5engene s\u00fcdlich von Randers nirgendwo sonst in D\u00e4nemark vorkommen.<\/p>\n<p>In den W\u00e4ldern \u00f6stlich des Tange-Sees gibt es eine st\u00e4ndige Population von Rotwild.<\/p>\n","protected":false},"excerpt":{"rendered":"<p>Die Landschaft entlang des Guden\u00e5en Die gesamte Landschaft rund um den Lauf des Guden\u00e5dalen ist von einzigartigem Erlebniswert. Mehrere Landschaften entlang des Guden\u00e5en sind als von nationalem geologischen Interesse eingestuft. Das Guden\u00e5dalen ist das l\u00e4ngste Schmelzwassertal D\u00e4nemarks, und vom Tr\u00e6kstien-Pfad aus k\u00f6nnen Sie sehen, wie die Schmelzwasserfl\u00fcsse die Landschaft geformt haben. Als sich das Eis [&hellip;]<\/p>\n","protected":false},"author":7,"featured_media":0,"parent":3628,"menu_order":0,"comment_status":"closed","ping_status":"closed","template":"","meta":{"_acf_changed":false,"footnotes":""},"class_list":["post-3632","page","type-page","status-publish","hentry"],"acf":[],"yoast_head":"<!-- This site is optimized with the Yoast SEO plugin v26.0 - https:\/\/yoast.com\/wordpress\/plugins\/seo\/ -->\n<title>Natur und Landschaft in Tr\u00e6kstien - Oplev Guden\u00e5en<\/title>\n<meta name=\"robots\" content=\"index, follow, max-snippet:-1, max-image-preview:large, max-video-preview:-1\" \/>\n<link rel=\"canonical\" href=\"https:\/\/oplevgudenaa.dk\/de\/der-ikonische-fluss-gudenaa\/natur-und-landschaft\/natur-und-landschaft-in-traekstien\/\" \/>\n<meta property=\"og:locale\" content=\"de_DE\" \/>\n<meta property=\"og:type\" content=\"article\" \/>\n<meta property=\"og:title\" content=\"Natur und Landschaft in Tr\u00e6kstien - Oplev Guden\u00e5en\" \/>\n<meta property=\"og:description\" content=\"Die Landschaft entlang des Guden\u00e5en Die gesamte Landschaft rund um den Lauf des Guden\u00e5dalen ist von einzigartigem Erlebniswert. Mehrere Landschaften entlang des Guden\u00e5en sind als von nationalem geologischen Interesse eingestuft. Das Guden\u00e5dalen ist das l\u00e4ngste Schmelzwassertal D\u00e4nemarks, und vom Tr\u00e6kstien-Pfad aus k\u00f6nnen Sie sehen, wie die Schmelzwasserfl\u00fcsse die Landschaft geformt haben. Als sich das Eis [&hellip;]\" \/>\n<meta property=\"og:url\" content=\"https:\/\/oplevgudenaa.dk\/de\/der-ikonische-fluss-gudenaa\/natur-und-landschaft\/natur-und-landschaft-in-traekstien\/\" \/>\n<meta property=\"og:site_name\" content=\"Oplev Guden\u00e5en\" \/>\n<meta property=\"article:modified_time\" content=\"2024-05-13T12:39:26+00:00\" \/>\n<meta name=\"twitter:card\" content=\"summary_large_image\" \/>\n<meta name=\"twitter:label1\" content=\"Gesch\u00e4tzte Lesezeit\" \/>\n\t<meta name=\"twitter:data1\" content=\"5\u00a0Minuten\" \/>\n<script type=\"application\/ld+json\" class=\"yoast-schema-graph\">{\"@context\":\"https:\/\/schema.org\",\"@graph\":[{\"@type\":\"WebPage\",\"@id\":\"https:\/\/oplevgudenaa.dk\/de\/der-ikonische-fluss-gudenaa\/natur-und-landschaft\/natur-und-landschaft-in-traekstien\/\",\"url\":\"https:\/\/oplevgudenaa.dk\/de\/der-ikonische-fluss-gudenaa\/natur-und-landschaft\/natur-und-landschaft-in-traekstien\/\",\"name\":\"Natur und Landschaft in Tr\u00e6kstien - Oplev Guden\u00e5en\",\"isPartOf\":{\"@id\":\"https:\/\/oplevgudenaa.dk\/de\/#website\"},\"datePublished\":\"2024-04-23T08:52:53+00:00\",\"dateModified\":\"2024-05-13T12:39:26+00:00\",\"breadcrumb\":{\"@id\":\"https:\/\/oplevgudenaa.dk\/de\/der-ikonische-fluss-gudenaa\/natur-und-landschaft\/natur-und-landschaft-in-traekstien\/#breadcrumb\"},\"inLanguage\":\"de\",\"potentialAction\":[{\"@type\":\"ReadAction\",\"target\":[\"https:\/\/oplevgudenaa.dk\/de\/der-ikonische-fluss-gudenaa\/natur-und-landschaft\/natur-und-landschaft-in-traekstien\/\"]}]},{\"@type\":\"BreadcrumbList\",\"@id\":\"https:\/\/oplevgudenaa.dk\/de\/der-ikonische-fluss-gudenaa\/natur-und-landschaft\/natur-und-landschaft-in-traekstien\/#breadcrumb\",\"itemListElement\":[{\"@type\":\"ListItem\",\"position\":1,\"name\":\"Startseite\",\"item\":\"https:\/\/oplevgudenaa.dk\/de\/\"},{\"@type\":\"ListItem\",\"position\":2,\"name\":\"Der ikonische Fluss Guden\u00e5\",\"item\":\"https:\/\/oplevgudenaa.dk\/de\/der-ikonische-fluss-gudenaa\/\"},{\"@type\":\"ListItem\",\"position\":3,\"name\":\"Natur und Landschaft\",\"item\":\"https:\/\/oplevgudenaa.dk\/de\/der-ikonische-fluss-gudenaa\/natur-und-landschaft\/\"},{\"@type\":\"ListItem\",\"position\":4,\"name\":\"Natur und Landschaft in Tr\u00e6kstien\"}]},{\"@type\":\"WebSite\",\"@id\":\"https:\/\/oplevgudenaa.dk\/de\/#website\",\"url\":\"https:\/\/oplevgudenaa.dk\/de\/\",\"name\":\"Oplev Guden\u00e5en\",\"description\":\"\u00c9n af Danmarks ekstraordin\u00e6re naturoplevelser p\u00e5 tv\u00e6rs af 7 forskellige kommuner\",\"potentialAction\":[{\"@type\":\"SearchAction\",\"target\":{\"@type\":\"EntryPoint\",\"urlTemplate\":\"https:\/\/oplevgudenaa.dk\/de\/?s={search_term_string}\"},\"query-input\":{\"@type\":\"PropertyValueSpecification\",\"valueRequired\":true,\"valueName\":\"search_term_string\"}}],\"inLanguage\":\"de\"}]}<\/script>\n<!-- \/ Yoast SEO plugin. -->","yoast_head_json":{"title":"Natur und Landschaft in Tr\u00e6kstien - Oplev Guden\u00e5en","robots":{"index":"index","follow":"follow","max-snippet":"max-snippet:-1","max-image-preview":"max-image-preview:large","max-video-preview":"max-video-preview:-1"},"canonical":"https:\/\/oplevgudenaa.dk\/de\/der-ikonische-fluss-gudenaa\/natur-und-landschaft\/natur-und-landschaft-in-traekstien\/","og_locale":"de_DE","og_type":"article","og_title":"Natur und Landschaft in Tr\u00e6kstien - Oplev Guden\u00e5en","og_description":"Die Landschaft entlang des Guden\u00e5en Die gesamte Landschaft rund um den Lauf des Guden\u00e5dalen ist von einzigartigem Erlebniswert. Mehrere Landschaften entlang des Guden\u00e5en sind als von nationalem geologischen Interesse eingestuft. Das Guden\u00e5dalen ist das l\u00e4ngste Schmelzwassertal D\u00e4nemarks, und vom Tr\u00e6kstien-Pfad aus k\u00f6nnen Sie sehen, wie die Schmelzwasserfl\u00fcsse die Landschaft geformt haben. Als sich das Eis [&hellip;]","og_url":"https:\/\/oplevgudenaa.dk\/de\/der-ikonische-fluss-gudenaa\/natur-und-landschaft\/natur-und-landschaft-in-traekstien\/","og_site_name":"Oplev Guden\u00e5en","article_modified_time":"2024-05-13T12:39:26+00:00","twitter_card":"summary_large_image","twitter_misc":{"Gesch\u00e4tzte Lesezeit":"5\u00a0Minuten"},"schema":{"@context":"https:\/\/schema.org","@graph":[{"@type":"WebPage","@id":"https:\/\/oplevgudenaa.dk\/de\/der-ikonische-fluss-gudenaa\/natur-und-landschaft\/natur-und-landschaft-in-traekstien\/","url":"https:\/\/oplevgudenaa.dk\/de\/der-ikonische-fluss-gudenaa\/natur-und-landschaft\/natur-und-landschaft-in-traekstien\/","name":"Natur und Landschaft in Tr\u00e6kstien - Oplev Guden\u00e5en","isPartOf":{"@id":"https:\/\/oplevgudenaa.dk\/de\/#website"},"datePublished":"2024-04-23T08:52:53+00:00","dateModified":"2024-05-13T12:39:26+00:00","breadcrumb":{"@id":"https:\/\/oplevgudenaa.dk\/de\/der-ikonische-fluss-gudenaa\/natur-und-landschaft\/natur-und-landschaft-in-traekstien\/#breadcrumb"},"inLanguage":"de","potentialAction":[{"@type":"ReadAction","target":["https:\/\/oplevgudenaa.dk\/de\/der-ikonische-fluss-gudenaa\/natur-und-landschaft\/natur-und-landschaft-in-traekstien\/"]}]},{"@type":"BreadcrumbList","@id":"https:\/\/oplevgudenaa.dk\/de\/der-ikonische-fluss-gudenaa\/natur-und-landschaft\/natur-und-landschaft-in-traekstien\/#breadcrumb","itemListElement":[{"@type":"ListItem","position":1,"name":"Startseite","item":"https:\/\/oplevgudenaa.dk\/de\/"},{"@type":"ListItem","position":2,"name":"Der ikonische Fluss Guden\u00e5","item":"https:\/\/oplevgudenaa.dk\/de\/der-ikonische-fluss-gudenaa\/"},{"@type":"ListItem","position":3,"name":"Natur und Landschaft","item":"https:\/\/oplevgudenaa.dk\/de\/der-ikonische-fluss-gudenaa\/natur-und-landschaft\/"},{"@type":"ListItem","position":4,"name":"Natur und Landschaft in Tr\u00e6kstien"}]},{"@type":"WebSite","@id":"https:\/\/oplevgudenaa.dk\/de\/#website","url":"https:\/\/oplevgudenaa.dk\/de\/","name":"Oplev Guden\u00e5en","description":"\u00c9n af Danmarks ekstraordin\u00e6re naturoplevelser p\u00e5 tv\u00e6rs af 7 forskellige kommuner","potentialAction":[{"@type":"SearchAction","target":{"@type":"EntryPoint","urlTemplate":"https:\/\/oplevgudenaa.dk\/de\/?s={search_term_string}"},"query-input":{"@type":"PropertyValueSpecification","valueRequired":true,"valueName":"search_term_string"}}],"inLanguage":"de"}]}},"_links":{"self":[{"href":"https:\/\/oplevgudenaa.dk\/de\/wp-json\/wp\/v2\/pages\/3632","targetHints":{"allow":["GET"]}}],"collection":[{"href":"https:\/\/oplevgudenaa.dk\/de\/wp-json\/wp\/v2\/pages"}],"about":[{"href":"https:\/\/oplevgudenaa.dk\/de\/wp-json\/wp\/v2\/types\/page"}],"author":[{"embeddable":true,"href":"https:\/\/oplevgudenaa.dk\/de\/wp-json\/wp\/v2\/users\/7"}],"replies":[{"embeddable":true,"href":"https:\/\/oplevgudenaa.dk\/de\/wp-json\/wp\/v2\/comments?post=3632"}],"version-history":[{"count":1,"href":"https:\/\/oplevgudenaa.dk\/de\/wp-json\/wp\/v2\/pages\/3632\/revisions"}],"predecessor-version":[{"id":3717,"href":"https:\/\/oplevgudenaa.dk\/de\/wp-json\/wp\/v2\/pages\/3632\/revisions\/3717"}],"up":[{"embeddable":true,"href":"https:\/\/oplevgudenaa.dk\/de\/wp-json\/wp\/v2\/pages\/3628"}],"wp:attachment":[{"href":"https:\/\/oplevgudenaa.dk\/de\/wp-json\/wp\/v2\/media?parent=3632"}],"curies":[{"name":"wp","href":"https:\/\/api.w.org\/{rel}","templated":true}]}}