{"id":3645,"date":"2024-02-10T12:37:19","date_gmt":"2024-02-10T11:37:19","guid":{"rendered":"https:\/\/oplevgudenaa.dev2.webko.io\/pruefung-seite-2\/"},"modified":"2024-06-24T14:19:07","modified_gmt":"2024-06-24T12:19:07","slug":"pruefung-seite-2","status":"publish","type":"page","link":"https:\/\/oplevgudenaa.dk\/de\/pruefung-seite-2\/","title":{"rendered":"Pr\u00fcfung Seite 2"},"content":{"rendered":"<p>Auf dieser Seite kann ich eine gemeinsame Seite schreiben, auf der ich &#8211; intern und extern &#8211; Links setzen, Text formatieren und Bilder einf\u00fcgen kann.<\/p>\n<figure><img loading=\"lazy\" decoding=\"async\" class=\"alignnone size-medium wp-image-2207\" src=\"https:\/\/oplevgudenaa.dk\/wp-content\/uploads\/2024\/02\/ulstrup-slot-300x225.jpg\" alt=\"Schloss Ulstrup\" width=\"300\" height=\"225\" srcset=\"https:\/\/oplevgudenaa.dk\/wp-content\/uploads\/2024\/02\/ulstrup-slot-300x225.jpg 300w, https:\/\/oplevgudenaa.dk\/wp-content\/uploads\/2024\/02\/ulstrup-slot-1200x900.jpg 1200w, https:\/\/oplevgudenaa.dk\/wp-content\/uploads\/2024\/02\/ulstrup-slot-768x576.jpg 768w, https:\/\/oplevgudenaa.dk\/wp-content\/uploads\/2024\/02\/ulstrup-slot-1536x1152.jpg 1536w, https:\/\/oplevgudenaa.dk\/wp-content\/uploads\/2024\/02\/ulstrup-slot-2048x1536.jpg 2048w\" sizes=\"auto, (max-width: 300px) 100vw, 300px\" \/><\/figure>\n<p>Schaltfl\u00e4che Mehr lesen hinzuf\u00fcgen<\/p>\n<p>Eltern angeben usw.<\/p>\n<p>aber dieses Feld existiert nicht auf der Testseite der Lego-Steine&#8230;?<\/p>\n<p>\u00dcber diesem Feld kann ich Lego-Steine einf\u00fcgen<\/p>\n<p>&nbsp;<\/p>\n<p>Ich wei\u00df nicht genau, wie ich unter die Read more&#8230; Die Registerkarte<\/p>\n<p>Geht es darum, wie viel Text es gibt&#8230;?<\/p>\n<p><!--more--><\/p>\n","protected":false},"excerpt":{"rendered":"<p>Auf dieser Seite kann ich eine gemeinsame Seite schreiben, auf der ich &#8211; intern und extern &#8211; Links setzen, Text formatieren und Bilder einf\u00fcgen kann. Schaltfl\u00e4che Mehr lesen hinzuf\u00fcgen Eltern angeben usw. aber dieses Feld existiert nicht auf der Testseite der Lego-Steine&#8230;? \u00dcber diesem Feld kann ich Lego-Steine einf\u00fcgen &nbsp; Ich wei\u00df nicht genau, wie [&hellip;]<\/p>\n","protected":false},"author":7,"featured_media":0,"parent":0,"menu_order":0,"comment_status":"closed","ping_status":"closed","template":"","meta":{"_acf_changed":false,"footnotes":""},"class_list":["post-3645","page","type-page","status-publish","hentry"],"acf":[],"yoast_head":"<!-- This site is optimized with the Yoast SEO plugin v26.0 - https:\/\/yoast.com\/wordpress\/plugins\/seo\/ -->\n<title>Pr\u00fcfung Seite 2 - Oplev Guden\u00e5en<\/title>\n<meta name=\"robots\" content=\"index, follow, max-snippet:-1, max-image-preview:large, max-video-preview:-1\" \/>\n<link rel=\"canonical\" href=\"https:\/\/oplevgudenaa.dk\/de\/pruefung-seite-2\/\" \/>\n<meta property=\"og:locale\" content=\"de_DE\" \/>\n<meta property=\"og:type\" content=\"article\" \/>\n<meta property=\"og:title\" content=\"Pr\u00fcfung Seite 2 - Oplev Guden\u00e5en\" \/>\n<meta property=\"og:description\" content=\"Auf dieser Seite kann ich eine gemeinsame Seite schreiben, auf der ich &#8211; intern und extern &#8211; Links setzen, Text formatieren und Bilder einf\u00fcgen kann. Schaltfl\u00e4che Mehr lesen hinzuf\u00fcgen Eltern angeben usw. aber dieses Feld existiert nicht auf der Testseite der Lego-Steine&#8230;? \u00dcber diesem Feld kann ich Lego-Steine einf\u00fcgen &nbsp; Ich wei\u00df nicht genau, wie [&hellip;]\" \/>\n<meta property=\"og:url\" content=\"https:\/\/oplevgudenaa.dk\/de\/pruefung-seite-2\/\" \/>\n<meta property=\"og:site_name\" content=\"Oplev Guden\u00e5en\" \/>\n<meta property=\"article:modified_time\" content=\"2024-06-24T12:19:07+00:00\" \/>\n<meta property=\"og:image\" content=\"https:\/\/oplevgudenaa.dk\/wp-content\/uploads\/2024\/02\/ulstrup-slot-300x225.jpg\" \/>\n<meta name=\"twitter:card\" content=\"summary_large_image\" \/>\n<script type=\"application\/ld+json\" class=\"yoast-schema-graph\">{\"@context\":\"https:\/\/schema.org\",\"@graph\":[{\"@type\":\"WebPage\",\"@id\":\"https:\/\/oplevgudenaa.dk\/de\/pruefung-seite-2\/\",\"url\":\"https:\/\/oplevgudenaa.dk\/de\/pruefung-seite-2\/\",\"name\":\"Pr\u00fcfung Seite 2 - Oplev Guden\u00e5en\",\"isPartOf\":{\"@id\":\"https:\/\/oplevgudenaa.dk\/de\/#website\"},\"primaryImageOfPage\":{\"@id\":\"https:\/\/oplevgudenaa.dk\/de\/pruefung-seite-2\/#primaryimage\"},\"image\":{\"@id\":\"https:\/\/oplevgudenaa.dk\/de\/pruefung-seite-2\/#primaryimage\"},\"thumbnailUrl\":\"https:\/\/oplevgudenaa.dk\/wp-content\/uploads\/2024\/02\/ulstrup-slot-300x225.jpg\",\"datePublished\":\"2024-02-10T11:37:19+00:00\",\"dateModified\":\"2024-06-24T12:19:07+00:00\",\"breadcrumb\":{\"@id\":\"https:\/\/oplevgudenaa.dk\/de\/pruefung-seite-2\/#breadcrumb\"},\"inLanguage\":\"de\",\"potentialAction\":[{\"@type\":\"ReadAction\",\"target\":[\"https:\/\/oplevgudenaa.dk\/de\/pruefung-seite-2\/\"]}]},{\"@type\":\"ImageObject\",\"inLanguage\":\"de\",\"@id\":\"https:\/\/oplevgudenaa.dk\/de\/pruefung-seite-2\/#primaryimage\",\"url\":\"https:\/\/oplevgudenaa.dk\/wp-content\/uploads\/2024\/02\/ulstrup-slot-300x225.jpg\",\"contentUrl\":\"https:\/\/oplevgudenaa.dk\/wp-content\/uploads\/2024\/02\/ulstrup-slot-300x225.jpg\"},{\"@type\":\"BreadcrumbList\",\"@id\":\"https:\/\/oplevgudenaa.dk\/de\/pruefung-seite-2\/#breadcrumb\",\"itemListElement\":[{\"@type\":\"ListItem\",\"position\":1,\"name\":\"Startseite\",\"item\":\"https:\/\/oplevgudenaa.dk\/de\/\"},{\"@type\":\"ListItem\",\"position\":2,\"name\":\"Pr\u00fcfung Seite 2\"}]},{\"@type\":\"WebSite\",\"@id\":\"https:\/\/oplevgudenaa.dk\/de\/#website\",\"url\":\"https:\/\/oplevgudenaa.dk\/de\/\",\"name\":\"Oplev Guden\u00e5en\",\"description\":\"\u00c9n af Danmarks ekstraordin\u00e6re naturoplevelser p\u00e5 tv\u00e6rs af 7 forskellige kommuner\",\"potentialAction\":[{\"@type\":\"SearchAction\",\"target\":{\"@type\":\"EntryPoint\",\"urlTemplate\":\"https:\/\/oplevgudenaa.dk\/de\/?s={search_term_string}\"},\"query-input\":{\"@type\":\"PropertyValueSpecification\",\"valueRequired\":true,\"valueName\":\"search_term_string\"}}],\"inLanguage\":\"de\"}]}<\/script>\n<!-- \/ Yoast SEO plugin. -->","yoast_head_json":{"title":"Pr\u00fcfung Seite 2 - Oplev Guden\u00e5en","robots":{"index":"index","follow":"follow","max-snippet":"max-snippet:-1","max-image-preview":"max-image-preview:large","max-video-preview":"max-video-preview:-1"},"canonical":"https:\/\/oplevgudenaa.dk\/de\/pruefung-seite-2\/","og_locale":"de_DE","og_type":"article","og_title":"Pr\u00fcfung Seite 2 - Oplev Guden\u00e5en","og_description":"Auf dieser Seite kann ich eine gemeinsame Seite schreiben, auf der ich &#8211; intern und extern &#8211; Links setzen, Text formatieren und Bilder einf\u00fcgen kann. Schaltfl\u00e4che Mehr lesen hinzuf\u00fcgen Eltern angeben usw. aber dieses Feld existiert nicht auf der Testseite der Lego-Steine&#8230;? \u00dcber diesem Feld kann ich Lego-Steine einf\u00fcgen &nbsp; Ich wei\u00df nicht genau, wie [&hellip;]","og_url":"https:\/\/oplevgudenaa.dk\/de\/pruefung-seite-2\/","og_site_name":"Oplev Guden\u00e5en","article_modified_time":"2024-06-24T12:19:07+00:00","og_image":[{"url":"https:\/\/oplevgudenaa.dk\/wp-content\/uploads\/2024\/02\/ulstrup-slot-300x225.jpg","type":"","width":"","height":""}],"twitter_card":"summary_large_image","schema":{"@context":"https:\/\/schema.org","@graph":[{"@type":"WebPage","@id":"https:\/\/oplevgudenaa.dk\/de\/pruefung-seite-2\/","url":"https:\/\/oplevgudenaa.dk\/de\/pruefung-seite-2\/","name":"Pr\u00fcfung Seite 2 - Oplev Guden\u00e5en","isPartOf":{"@id":"https:\/\/oplevgudenaa.dk\/de\/#website"},"primaryImageOfPage":{"@id":"https:\/\/oplevgudenaa.dk\/de\/pruefung-seite-2\/#primaryimage"},"image":{"@id":"https:\/\/oplevgudenaa.dk\/de\/pruefung-seite-2\/#primaryimage"},"thumbnailUrl":"https:\/\/oplevgudenaa.dk\/wp-content\/uploads\/2024\/02\/ulstrup-slot-300x225.jpg","datePublished":"2024-02-10T11:37:19+00:00","dateModified":"2024-06-24T12:19:07+00:00","breadcrumb":{"@id":"https:\/\/oplevgudenaa.dk\/de\/pruefung-seite-2\/#breadcrumb"},"inLanguage":"de","potentialAction":[{"@type":"ReadAction","target":["https:\/\/oplevgudenaa.dk\/de\/pruefung-seite-2\/"]}]},{"@type":"ImageObject","inLanguage":"de","@id":"https:\/\/oplevgudenaa.dk\/de\/pruefung-seite-2\/#primaryimage","url":"https:\/\/oplevgudenaa.dk\/wp-content\/uploads\/2024\/02\/ulstrup-slot-300x225.jpg","contentUrl":"https:\/\/oplevgudenaa.dk\/wp-content\/uploads\/2024\/02\/ulstrup-slot-300x225.jpg"},{"@type":"BreadcrumbList","@id":"https:\/\/oplevgudenaa.dk\/de\/pruefung-seite-2\/#breadcrumb","itemListElement":[{"@type":"ListItem","position":1,"name":"Startseite","item":"https:\/\/oplevgudenaa.dk\/de\/"},{"@type":"ListItem","position":2,"name":"Pr\u00fcfung Seite 2"}]},{"@type":"WebSite","@id":"https:\/\/oplevgudenaa.dk\/de\/#website","url":"https:\/\/oplevgudenaa.dk\/de\/","name":"Oplev Guden\u00e5en","description":"\u00c9n af Danmarks ekstraordin\u00e6re naturoplevelser p\u00e5 tv\u00e6rs af 7 forskellige kommuner","potentialAction":[{"@type":"SearchAction","target":{"@type":"EntryPoint","urlTemplate":"https:\/\/oplevgudenaa.dk\/de\/?s={search_term_string}"},"query-input":{"@type":"PropertyValueSpecification","valueRequired":true,"valueName":"search_term_string"}}],"inLanguage":"de"}]}},"_links":{"self":[{"href":"https:\/\/oplevgudenaa.dk\/de\/wp-json\/wp\/v2\/pages\/3645","targetHints":{"allow":["GET"]}}],"collection":[{"href":"https:\/\/oplevgudenaa.dk\/de\/wp-json\/wp\/v2\/pages"}],"about":[{"href":"https:\/\/oplevgudenaa.dk\/de\/wp-json\/wp\/v2\/types\/page"}],"author":[{"embeddable":true,"href":"https:\/\/oplevgudenaa.dk\/de\/wp-json\/wp\/v2\/users\/7"}],"replies":[{"embeddable":true,"href":"https:\/\/oplevgudenaa.dk\/de\/wp-json\/wp\/v2\/comments?post=3645"}],"version-history":[{"count":1,"href":"https:\/\/oplevgudenaa.dk\/de\/wp-json\/wp\/v2\/pages\/3645\/revisions"}],"predecessor-version":[{"id":3725,"href":"https:\/\/oplevgudenaa.dk\/de\/wp-json\/wp\/v2\/pages\/3645\/revisions\/3725"}],"wp:attachment":[{"href":"https:\/\/oplevgudenaa.dk\/de\/wp-json\/wp\/v2\/media?parent=3645"}],"curies":[{"name":"wp","href":"https:\/\/api.w.org\/{rel}","templated":true}]}}