{"id":3847,"date":"2024-05-23T08:46:03","date_gmt":"2024-05-23T06:46:03","guid":{"rendered":"https:\/\/oplevgudenaa.dev2.webko.io\/die-gudenaa-kooperation\/"},"modified":"2026-03-24T08:04:07","modified_gmt":"2026-03-24T07:04:07","slug":"die-gudenaa-kooperation","status":"publish","type":"page","link":"https:\/\/oplevgudenaa.dk\/de\/kommunernes-samarbejde-om-gudenaaen\/die-gudenaa-kooperation\/","title":{"rendered":"Die Guden\u00e5-Kooperation"},"content":{"rendered":"","protected":false},"excerpt":{"rendered":"","protected":false},"author":7,"featured_media":0,"parent":3625,"menu_order":0,"comment_status":"closed","ping_status":"closed","template":"","meta":{"_acf_changed":false,"footnotes":""},"class_list":["post-3847","page","type-page","status-publish","hentry"],"acf":[],"yoast_head":"<!-- This site is optimized with the Yoast SEO plugin v26.0 - https:\/\/yoast.com\/wordpress\/plugins\/seo\/ -->\n<title>Die Guden\u00e5-Kooperation - Oplev Guden\u00e5en<\/title>\n<meta name=\"robots\" content=\"index, follow, max-snippet:-1, max-image-preview:large, max-video-preview:-1\" \/>\n<link rel=\"canonical\" href=\"https:\/\/oplevgudenaa.dk\/de\/kommunernes-samarbejde-om-gudenaaen\/die-gudenaa-kooperation\/\" \/>\n<meta property=\"og:locale\" content=\"de_DE\" \/>\n<meta property=\"og:type\" content=\"article\" \/>\n<meta property=\"og:title\" content=\"Die Guden\u00e5-Kooperation - Oplev Guden\u00e5en\" \/>\n<meta property=\"og:url\" content=\"https:\/\/oplevgudenaa.dk\/de\/kommunernes-samarbejde-om-gudenaaen\/die-gudenaa-kooperation\/\" \/>\n<meta property=\"og:site_name\" content=\"Oplev Guden\u00e5en\" \/>\n<meta property=\"article:modified_time\" content=\"2026-03-24T07:04:07+00:00\" \/>\n<meta name=\"twitter:card\" content=\"summary_large_image\" \/>\n<script type=\"application\/ld+json\" class=\"yoast-schema-graph\">{\"@context\":\"https:\/\/schema.org\",\"@graph\":[{\"@type\":\"WebPage\",\"@id\":\"https:\/\/oplevgudenaa.dk\/de\/kommunernes-samarbejde-om-gudenaaen\/die-gudenaa-kooperation\/\",\"url\":\"https:\/\/oplevgudenaa.dk\/de\/kommunernes-samarbejde-om-gudenaaen\/die-gudenaa-kooperation\/\",\"name\":\"Die Guden\u00e5-Kooperation - Oplev Guden\u00e5en\",\"isPartOf\":{\"@id\":\"https:\/\/oplevgudenaa.dk\/de\/#website\"},\"datePublished\":\"2024-05-23T06:46:03+00:00\",\"dateModified\":\"2026-03-24T07:04:07+00:00\",\"breadcrumb\":{\"@id\":\"https:\/\/oplevgudenaa.dk\/de\/kommunernes-samarbejde-om-gudenaaen\/die-gudenaa-kooperation\/#breadcrumb\"},\"inLanguage\":\"de\",\"potentialAction\":[{\"@type\":\"ReadAction\",\"target\":[\"https:\/\/oplevgudenaa.dk\/de\/kommunernes-samarbejde-om-gudenaaen\/die-gudenaa-kooperation\/\"]}]},{\"@type\":\"BreadcrumbList\",\"@id\":\"https:\/\/oplevgudenaa.dk\/de\/kommunernes-samarbejde-om-gudenaaen\/die-gudenaa-kooperation\/#breadcrumb\",\"itemListElement\":[{\"@type\":\"ListItem\",\"position\":1,\"name\":\"Startseite\",\"item\":\"https:\/\/oplevgudenaa.dk\/de\/\"},{\"@type\":\"ListItem\",\"position\":2,\"name\":\"Gemeinden arbeiten gemeinsam an Guden\u00e5en\",\"item\":\"https:\/\/oplevgudenaa.dk\/de\/kommunernes-samarbejde-om-gudenaaen\/\"},{\"@type\":\"ListItem\",\"position\":3,\"name\":\"Die Guden\u00e5-Kooperation\"}]},{\"@type\":\"WebSite\",\"@id\":\"https:\/\/oplevgudenaa.dk\/de\/#website\",\"url\":\"https:\/\/oplevgudenaa.dk\/de\/\",\"name\":\"Oplev Guden\u00e5en\",\"description\":\"\u00c9n af Danmarks ekstraordin\u00e6re naturoplevelser p\u00e5 tv\u00e6rs af 7 forskellige kommuner\",\"potentialAction\":[{\"@type\":\"SearchAction\",\"target\":{\"@type\":\"EntryPoint\",\"urlTemplate\":\"https:\/\/oplevgudenaa.dk\/de\/?s={search_term_string}\"},\"query-input\":{\"@type\":\"PropertyValueSpecification\",\"valueRequired\":true,\"valueName\":\"search_term_string\"}}],\"inLanguage\":\"de\"}]}<\/script>\n<!-- \/ Yoast SEO plugin. -->","yoast_head_json":{"title":"Die Guden\u00e5-Kooperation - Oplev Guden\u00e5en","robots":{"index":"index","follow":"follow","max-snippet":"max-snippet:-1","max-image-preview":"max-image-preview:large","max-video-preview":"max-video-preview:-1"},"canonical":"https:\/\/oplevgudenaa.dk\/de\/kommunernes-samarbejde-om-gudenaaen\/die-gudenaa-kooperation\/","og_locale":"de_DE","og_type":"article","og_title":"Die Guden\u00e5-Kooperation - Oplev Guden\u00e5en","og_url":"https:\/\/oplevgudenaa.dk\/de\/kommunernes-samarbejde-om-gudenaaen\/die-gudenaa-kooperation\/","og_site_name":"Oplev Guden\u00e5en","article_modified_time":"2026-03-24T07:04:07+00:00","twitter_card":"summary_large_image","schema":{"@context":"https:\/\/schema.org","@graph":[{"@type":"WebPage","@id":"https:\/\/oplevgudenaa.dk\/de\/kommunernes-samarbejde-om-gudenaaen\/die-gudenaa-kooperation\/","url":"https:\/\/oplevgudenaa.dk\/de\/kommunernes-samarbejde-om-gudenaaen\/die-gudenaa-kooperation\/","name":"Die Guden\u00e5-Kooperation - Oplev Guden\u00e5en","isPartOf":{"@id":"https:\/\/oplevgudenaa.dk\/de\/#website"},"datePublished":"2024-05-23T06:46:03+00:00","dateModified":"2026-03-24T07:04:07+00:00","breadcrumb":{"@id":"https:\/\/oplevgudenaa.dk\/de\/kommunernes-samarbejde-om-gudenaaen\/die-gudenaa-kooperation\/#breadcrumb"},"inLanguage":"de","potentialAction":[{"@type":"ReadAction","target":["https:\/\/oplevgudenaa.dk\/de\/kommunernes-samarbejde-om-gudenaaen\/die-gudenaa-kooperation\/"]}]},{"@type":"BreadcrumbList","@id":"https:\/\/oplevgudenaa.dk\/de\/kommunernes-samarbejde-om-gudenaaen\/die-gudenaa-kooperation\/#breadcrumb","itemListElement":[{"@type":"ListItem","position":1,"name":"Startseite","item":"https:\/\/oplevgudenaa.dk\/de\/"},{"@type":"ListItem","position":2,"name":"Gemeinden arbeiten gemeinsam an Guden\u00e5en","item":"https:\/\/oplevgudenaa.dk\/de\/kommunernes-samarbejde-om-gudenaaen\/"},{"@type":"ListItem","position":3,"name":"Die Guden\u00e5-Kooperation"}]},{"@type":"WebSite","@id":"https:\/\/oplevgudenaa.dk\/de\/#website","url":"https:\/\/oplevgudenaa.dk\/de\/","name":"Oplev Guden\u00e5en","description":"\u00c9n af Danmarks ekstraordin\u00e6re naturoplevelser p\u00e5 tv\u00e6rs af 7 forskellige kommuner","potentialAction":[{"@type":"SearchAction","target":{"@type":"EntryPoint","urlTemplate":"https:\/\/oplevgudenaa.dk\/de\/?s={search_term_string}"},"query-input":{"@type":"PropertyValueSpecification","valueRequired":true,"valueName":"search_term_string"}}],"inLanguage":"de"}]}},"_links":{"self":[{"href":"https:\/\/oplevgudenaa.dk\/de\/wp-json\/wp\/v2\/pages\/3847","targetHints":{"allow":["GET"]}}],"collection":[{"href":"https:\/\/oplevgudenaa.dk\/de\/wp-json\/wp\/v2\/pages"}],"about":[{"href":"https:\/\/oplevgudenaa.dk\/de\/wp-json\/wp\/v2\/types\/page"}],"author":[{"embeddable":true,"href":"https:\/\/oplevgudenaa.dk\/de\/wp-json\/wp\/v2\/users\/7"}],"replies":[{"embeddable":true,"href":"https:\/\/oplevgudenaa.dk\/de\/wp-json\/wp\/v2\/comments?post=3847"}],"version-history":[{"count":1,"href":"https:\/\/oplevgudenaa.dk\/de\/wp-json\/wp\/v2\/pages\/3847\/revisions"}],"predecessor-version":[{"id":3851,"href":"https:\/\/oplevgudenaa.dk\/de\/wp-json\/wp\/v2\/pages\/3847\/revisions\/3851"}],"up":[{"embeddable":true,"href":"https:\/\/oplevgudenaa.dk\/de\/wp-json\/wp\/v2\/pages\/3625"}],"wp:attachment":[{"href":"https:\/\/oplevgudenaa.dk\/de\/wp-json\/wp\/v2\/media?parent=3847"}],"curies":[{"name":"wp","href":"https:\/\/api.w.org\/{rel}","templated":true}]}}