{"id":3623,"date":"2023-10-10T11:39:39","date_gmt":"2023-10-10T09:39:39","guid":{"rendered":"https:\/\/oplevgudenaa.dev2.webko.io\/forside\/"},"modified":"2026-05-01T08:26:12","modified_gmt":"2026-05-01T06:26:12","slug":"forside","status":"publish","type":"page","link":"https:\/\/oplevgudenaa.dk\/en\/","title":{"rendered":"Forside"},"content":{"rendered":"","protected":false},"excerpt":{"rendered":"","protected":false},"author":4,"featured_media":0,"parent":0,"menu_order":0,"comment_status":"closed","ping_status":"closed","template":"","meta":{"_acf_changed":false,"footnotes":""},"class_list":["post-3623","page","type-page","status-publish","hentry"],"acf":[],"yoast_head":"<!-- This site is optimized with the Yoast SEO plugin v26.0 - https:\/\/yoast.com\/wordpress\/plugins\/seo\/ -->\n<title>Experience Guden\u00e5en - Denmark&#039;s longest river - Oplev Guden\u00e5en<\/title>\n<meta name=\"description\" content=\"Experience Denmark&#039;s longest river - Guden\u00e5en. Go canoeing or hiking on the Guden\u00e5 Trail. Catch a salmon or visit the many cultural and historical sites. Stay overnight in a shelter or bed.\" \/>\n<meta name=\"robots\" content=\"index, follow, max-snippet:-1, max-image-preview:large, max-video-preview:-1\" \/>\n<link rel=\"canonical\" href=\"https:\/\/oplevgudenaa.dk\/en\/\" \/>\n<meta property=\"og:locale\" content=\"en_US\" \/>\n<meta property=\"og:type\" content=\"article\" \/>\n<meta property=\"og:title\" content=\"Experience Guden\u00e5en - Denmark&#039;s longest river - Oplev Guden\u00e5en\" \/>\n<meta property=\"og:description\" content=\"Experience Denmark&#039;s longest river - Guden\u00e5en. Go canoeing or hiking on the Guden\u00e5 Trail. Catch a salmon or visit the many cultural and historical sites. Stay overnight in a shelter or bed.\" \/>\n<meta property=\"og:url\" content=\"https:\/\/oplevgudenaa.dk\/en\/\" \/>\n<meta property=\"og:site_name\" content=\"Oplev Guden\u00e5en\" \/>\n<meta property=\"article:modified_time\" content=\"2026-05-01T06:26:12+00:00\" \/>\n<meta name=\"twitter:card\" content=\"summary_large_image\" \/>\n<script type=\"application\/ld+json\" class=\"yoast-schema-graph\">{\"@context\":\"https:\/\/schema.org\",\"@graph\":[{\"@type\":\"WebPage\",\"@id\":\"https:\/\/oplevgudenaa.dk\/en\/\",\"url\":\"https:\/\/oplevgudenaa.dk\/en\/\",\"name\":\"Experience Guden\u00e5en - Denmark's longest river - Oplev Guden\u00e5en\",\"isPartOf\":{\"@id\":\"https:\/\/oplevgudenaa.dk\/en\/#website\"},\"datePublished\":\"2023-10-10T09:39:39+00:00\",\"dateModified\":\"2026-05-01T06:26:12+00:00\",\"description\":\"Experience Denmark's longest river - Guden\u00e5en. Go canoeing or hiking on the Guden\u00e5 Trail. Catch a salmon or visit the many cultural and historical sites. Stay overnight in a shelter or bed.\",\"breadcrumb\":{\"@id\":\"https:\/\/oplevgudenaa.dk\/en\/#breadcrumb\"},\"inLanguage\":\"en-US\",\"potentialAction\":[{\"@type\":\"ReadAction\",\"target\":[\"https:\/\/oplevgudenaa.dk\/en\/\"]}]},{\"@type\":\"BreadcrumbList\",\"@id\":\"https:\/\/oplevgudenaa.dk\/en\/#breadcrumb\",\"itemListElement\":[{\"@type\":\"ListItem\",\"position\":1,\"name\":\"Home\",\"item\":\"https:\/\/oplevgudenaa.dk\/en\/forside\/\"},{\"@type\":\"ListItem\",\"position\":2,\"name\":\"Forside\"}]},{\"@type\":\"WebSite\",\"@id\":\"https:\/\/oplevgudenaa.dk\/en\/#website\",\"url\":\"https:\/\/oplevgudenaa.dk\/en\/\",\"name\":\"Oplev Guden\u00e5en\",\"description\":\"\u00c9n af Danmarks ekstraordin\u00e6re naturoplevelser p\u00e5 tv\u00e6rs af 7 forskellige kommuner\",\"potentialAction\":[{\"@type\":\"SearchAction\",\"target\":{\"@type\":\"EntryPoint\",\"urlTemplate\":\"https:\/\/oplevgudenaa.dk\/en\/?s={search_term_string}\"},\"query-input\":{\"@type\":\"PropertyValueSpecification\",\"valueRequired\":true,\"valueName\":\"search_term_string\"}}],\"inLanguage\":\"en-US\"}]}<\/script>\n<!-- \/ Yoast SEO plugin. -->","yoast_head_json":{"title":"Experience Guden\u00e5en - Denmark's longest river - Oplev Guden\u00e5en","description":"Experience Denmark's longest river - Guden\u00e5en. Go canoeing or hiking on the Guden\u00e5 Trail. Catch a salmon or visit the many cultural and historical sites. Stay overnight in a shelter or bed.","robots":{"index":"index","follow":"follow","max-snippet":"max-snippet:-1","max-image-preview":"max-image-preview:large","max-video-preview":"max-video-preview:-1"},"canonical":"https:\/\/oplevgudenaa.dk\/en\/","og_locale":"en_US","og_type":"article","og_title":"Experience Guden\u00e5en - Denmark's longest river - Oplev Guden\u00e5en","og_description":"Experience Denmark's longest river - Guden\u00e5en. Go canoeing or hiking on the Guden\u00e5 Trail. Catch a salmon or visit the many cultural and historical sites. Stay overnight in a shelter or bed.","og_url":"https:\/\/oplevgudenaa.dk\/en\/","og_site_name":"Oplev Guden\u00e5en","article_modified_time":"2026-05-01T06:26:12+00:00","twitter_card":"summary_large_image","schema":{"@context":"https:\/\/schema.org","@graph":[{"@type":"WebPage","@id":"https:\/\/oplevgudenaa.dk\/en\/","url":"https:\/\/oplevgudenaa.dk\/en\/","name":"Experience Guden\u00e5en - Denmark's longest river - Oplev Guden\u00e5en","isPartOf":{"@id":"https:\/\/oplevgudenaa.dk\/en\/#website"},"datePublished":"2023-10-10T09:39:39+00:00","dateModified":"2026-05-01T06:26:12+00:00","description":"Experience Denmark's longest river - Guden\u00e5en. Go canoeing or hiking on the Guden\u00e5 Trail. Catch a salmon or visit the many cultural and historical sites. Stay overnight in a shelter or bed.","breadcrumb":{"@id":"https:\/\/oplevgudenaa.dk\/en\/#breadcrumb"},"inLanguage":"en-US","potentialAction":[{"@type":"ReadAction","target":["https:\/\/oplevgudenaa.dk\/en\/"]}]},{"@type":"BreadcrumbList","@id":"https:\/\/oplevgudenaa.dk\/en\/#breadcrumb","itemListElement":[{"@type":"ListItem","position":1,"name":"Home","item":"https:\/\/oplevgudenaa.dk\/en\/forside\/"},{"@type":"ListItem","position":2,"name":"Forside"}]},{"@type":"WebSite","@id":"https:\/\/oplevgudenaa.dk\/en\/#website","url":"https:\/\/oplevgudenaa.dk\/en\/","name":"Oplev Guden\u00e5en","description":"\u00c9n af Danmarks ekstraordin\u00e6re naturoplevelser p\u00e5 tv\u00e6rs af 7 forskellige kommuner","potentialAction":[{"@type":"SearchAction","target":{"@type":"EntryPoint","urlTemplate":"https:\/\/oplevgudenaa.dk\/en\/?s={search_term_string}"},"query-input":{"@type":"PropertyValueSpecification","valueRequired":true,"valueName":"search_term_string"}}],"inLanguage":"en-US"}]}},"_links":{"self":[{"href":"https:\/\/oplevgudenaa.dk\/en\/wp-json\/wp\/v2\/pages\/3623","targetHints":{"allow":["GET"]}}],"collection":[{"href":"https:\/\/oplevgudenaa.dk\/en\/wp-json\/wp\/v2\/pages"}],"about":[{"href":"https:\/\/oplevgudenaa.dk\/en\/wp-json\/wp\/v2\/types\/page"}],"author":[{"embeddable":true,"href":"https:\/\/oplevgudenaa.dk\/en\/wp-json\/wp\/v2\/users\/4"}],"replies":[{"embeddable":true,"href":"https:\/\/oplevgudenaa.dk\/en\/wp-json\/wp\/v2\/comments?post=3623"}],"version-history":[{"count":15,"href":"https:\/\/oplevgudenaa.dk\/en\/wp-json\/wp\/v2\/pages\/3623\/revisions"}],"predecessor-version":[{"id":3974,"href":"https:\/\/oplevgudenaa.dk\/en\/wp-json\/wp\/v2\/pages\/3623\/revisions\/3974"}],"wp:attachment":[{"href":"https:\/\/oplevgudenaa.dk\/en\/wp-json\/wp\/v2\/media?parent=3623"}],"curies":[{"name":"wp","href":"https:\/\/api.w.org\/{rel}","templated":true}]}}