{"id":4277,"date":"2024-08-28T10:08:41","date_gmt":"2024-08-28T08:08:41","guid":{"rendered":"https:\/\/oplevgudenaa.dk\/core-stories\/"},"modified":"2025-12-15T09:00:00","modified_gmt":"2025-12-15T08:00:00","slug":"core-stories","status":"publish","type":"page","link":"https:\/\/oplevgudenaa.dk\/en\/core-stories\/","title":{"rendered":"Core stories"},"content":{"rendered":"","protected":false},"excerpt":{"rendered":"","protected":false},"author":7,"featured_media":0,"parent":0,"menu_order":0,"comment_status":"closed","ping_status":"closed","template":"","meta":{"_acf_changed":false,"footnotes":""},"class_list":["post-4277","page","type-page","status-publish","hentry"],"acf":[],"yoast_head":"<!-- This site is optimized with the Yoast SEO plugin v26.0 - https:\/\/yoast.com\/wordpress\/plugins\/seo\/ -->\n<title>Core stories - Oplev Guden\u00e5en<\/title>\n<meta name=\"robots\" content=\"index, follow, max-snippet:-1, max-image-preview:large, max-video-preview:-1\" \/>\n<link rel=\"canonical\" href=\"https:\/\/oplevgudenaa.dk\/en\/core-stories\/\" \/>\n<meta property=\"og:locale\" content=\"en_US\" \/>\n<meta property=\"og:type\" content=\"article\" \/>\n<meta property=\"og:title\" content=\"Core stories - Oplev Guden\u00e5en\" \/>\n<meta property=\"og:url\" content=\"https:\/\/oplevgudenaa.dk\/en\/core-stories\/\" \/>\n<meta property=\"og:site_name\" content=\"Oplev Guden\u00e5en\" \/>\n<meta property=\"article:modified_time\" content=\"2025-12-15T08:00:00+00:00\" \/>\n<meta name=\"twitter:card\" content=\"summary_large_image\" \/>\n<script type=\"application\/ld+json\" class=\"yoast-schema-graph\">{\"@context\":\"https:\/\/schema.org\",\"@graph\":[{\"@type\":\"WebPage\",\"@id\":\"https:\/\/oplevgudenaa.dk\/en\/core-stories\/\",\"url\":\"https:\/\/oplevgudenaa.dk\/en\/core-stories\/\",\"name\":\"Core stories - Oplev Guden\u00e5en\",\"isPartOf\":{\"@id\":\"https:\/\/oplevgudenaa.dk\/en\/#website\"},\"datePublished\":\"2024-08-28T08:08:41+00:00\",\"dateModified\":\"2025-12-15T08:00:00+00:00\",\"breadcrumb\":{\"@id\":\"https:\/\/oplevgudenaa.dk\/en\/core-stories\/#breadcrumb\"},\"inLanguage\":\"en-US\",\"potentialAction\":[{\"@type\":\"ReadAction\",\"target\":[\"https:\/\/oplevgudenaa.dk\/en\/core-stories\/\"]}]},{\"@type\":\"BreadcrumbList\",\"@id\":\"https:\/\/oplevgudenaa.dk\/en\/core-stories\/#breadcrumb\",\"itemListElement\":[{\"@type\":\"ListItem\",\"position\":1,\"name\":\"Home\",\"item\":\"https:\/\/oplevgudenaa.dk\/en\/\"},{\"@type\":\"ListItem\",\"position\":2,\"name\":\"Core stories\"}]},{\"@type\":\"WebSite\",\"@id\":\"https:\/\/oplevgudenaa.dk\/en\/#website\",\"url\":\"https:\/\/oplevgudenaa.dk\/en\/\",\"name\":\"Oplev Guden\u00e5en\",\"description\":\"\u00c9n af Danmarks ekstraordin\u00e6re naturoplevelser p\u00e5 tv\u00e6rs af 7 forskellige kommuner\",\"potentialAction\":[{\"@type\":\"SearchAction\",\"target\":{\"@type\":\"EntryPoint\",\"urlTemplate\":\"https:\/\/oplevgudenaa.dk\/en\/?s={search_term_string}\"},\"query-input\":{\"@type\":\"PropertyValueSpecification\",\"valueRequired\":true,\"valueName\":\"search_term_string\"}}],\"inLanguage\":\"en-US\"}]}<\/script>\n<!-- \/ Yoast SEO plugin. -->","yoast_head_json":{"title":"Core stories - Oplev Guden\u00e5en","robots":{"index":"index","follow":"follow","max-snippet":"max-snippet:-1","max-image-preview":"max-image-preview:large","max-video-preview":"max-video-preview:-1"},"canonical":"https:\/\/oplevgudenaa.dk\/en\/core-stories\/","og_locale":"en_US","og_type":"article","og_title":"Core stories - Oplev Guden\u00e5en","og_url":"https:\/\/oplevgudenaa.dk\/en\/core-stories\/","og_site_name":"Oplev Guden\u00e5en","article_modified_time":"2025-12-15T08:00:00+00:00","twitter_card":"summary_large_image","schema":{"@context":"https:\/\/schema.org","@graph":[{"@type":"WebPage","@id":"https:\/\/oplevgudenaa.dk\/en\/core-stories\/","url":"https:\/\/oplevgudenaa.dk\/en\/core-stories\/","name":"Core stories - Oplev Guden\u00e5en","isPartOf":{"@id":"https:\/\/oplevgudenaa.dk\/en\/#website"},"datePublished":"2024-08-28T08:08:41+00:00","dateModified":"2025-12-15T08:00:00+00:00","breadcrumb":{"@id":"https:\/\/oplevgudenaa.dk\/en\/core-stories\/#breadcrumb"},"inLanguage":"en-US","potentialAction":[{"@type":"ReadAction","target":["https:\/\/oplevgudenaa.dk\/en\/core-stories\/"]}]},{"@type":"BreadcrumbList","@id":"https:\/\/oplevgudenaa.dk\/en\/core-stories\/#breadcrumb","itemListElement":[{"@type":"ListItem","position":1,"name":"Home","item":"https:\/\/oplevgudenaa.dk\/en\/"},{"@type":"ListItem","position":2,"name":"Core stories"}]},{"@type":"WebSite","@id":"https:\/\/oplevgudenaa.dk\/en\/#website","url":"https:\/\/oplevgudenaa.dk\/en\/","name":"Oplev Guden\u00e5en","description":"\u00c9n af Danmarks ekstraordin\u00e6re naturoplevelser p\u00e5 tv\u00e6rs af 7 forskellige kommuner","potentialAction":[{"@type":"SearchAction","target":{"@type":"EntryPoint","urlTemplate":"https:\/\/oplevgudenaa.dk\/en\/?s={search_term_string}"},"query-input":{"@type":"PropertyValueSpecification","valueRequired":true,"valueName":"search_term_string"}}],"inLanguage":"en-US"}]}},"_links":{"self":[{"href":"https:\/\/oplevgudenaa.dk\/en\/wp-json\/wp\/v2\/pages\/4277","targetHints":{"allow":["GET"]}}],"collection":[{"href":"https:\/\/oplevgudenaa.dk\/en\/wp-json\/wp\/v2\/pages"}],"about":[{"href":"https:\/\/oplevgudenaa.dk\/en\/wp-json\/wp\/v2\/types\/page"}],"author":[{"embeddable":true,"href":"https:\/\/oplevgudenaa.dk\/en\/wp-json\/wp\/v2\/users\/7"}],"replies":[{"embeddable":true,"href":"https:\/\/oplevgudenaa.dk\/en\/wp-json\/wp\/v2\/comments?post=4277"}],"version-history":[{"count":1,"href":"https:\/\/oplevgudenaa.dk\/en\/wp-json\/wp\/v2\/pages\/4277\/revisions"}],"predecessor-version":[{"id":4278,"href":"https:\/\/oplevgudenaa.dk\/en\/wp-json\/wp\/v2\/pages\/4277\/revisions\/4278"}],"wp:attachment":[{"href":"https:\/\/oplevgudenaa.dk\/en\/wp-json\/wp\/v2\/media?parent=4277"}],"curies":[{"name":"wp","href":"https:\/\/api.w.org\/{rel}","templated":true}]}}